{"id":1050,"date":"2020-02-18T16:11:37","date_gmt":"2020-02-18T22:11:37","guid":{"rendered":"http:\/\/www.falconmx.com\/sitioweb\/?page_id=1050"},"modified":"2020-02-19T17:38:38","modified_gmt":"2020-02-19T23:38:38","slug":"equipos-para-el-tratamiento-de-la-depresion","status":"publish","type":"page","link":"https:\/\/www.falconmx.com\/sitioweb\/equipos-para-el-tratamiento-de-la-depresion\/","title":{"rendered":"EQUIPOS PARA EL TRATAMIENTO DE LA DEPRESI\u00d3N"},"content":{"rendered":"<p>[et_pb_section fb_built=\u00bb1&#8243; fullwidth=\u00bbon\u00bb _builder_version=\u00bb4.0.2&#8243; background_enable_color=\u00bboff\u00bb background_enable_image=\u00bboff\u00bb locked=\u00bboff\u00bb][et_pb_fullwidth_slider _builder_version=\u00bb4.3.2&#8243; custom_button=\u00bbon\u00bb button_text_size=\u00bb12px\u00bb button_use_icon=\u00bboff\u00bb min_height=\u00bb622px\u00bb hover_transition_duration=\u00bb150ms\u00bb hover_transition_delay=\u00bb50ms\u00bb hover_enabled=\u00bb0&#8243;][et_pb_slide heading=\u00bbMagVenture\u00bb button_text=\u00bbQUIERO MAS INFORMACI\u00d3N\u00bb button_link=\u00bbhttps:\/\/www.falconmx.com\/sitioweb\/contacto\/\u00bb use_bg_overlay=\u00bbon\u00bb _builder_version=\u00bb4.3.2&#8243; header_level=\u00bbh1&#8243; header_font=\u00bb|700|on||||||\u00bb header_text_align=\u00bbcenter\u00bb header_text_color=\u00bb#ffffff\u00bb header_font_size=\u00bb48px\u00bb header_letter_spacing=\u00bb0px\u00bb body_font=\u00bb||||||||\u00bb background_enable_color=\u00bboff\u00bb background_image=\u00bbhttps:\/\/www.falconmx.com\/sitioweb\/wp-content\/uploads\/2020\/02\/Presentaci\u00f3n1.png\u00bb background_enable_image=\u00bbon\u00bb parallax=\u00bbon\u00bb custom_button=\u00bbon\u00bb button_text_size=\u00bb9px\u00bb button_text_color=\u00bb#ffffff\u00bb button_bg_color=\u00bbrgba(0,0,0,0)\u00bb button_border_width=\u00bb0px\u00bb button_font=\u00bb|800|||||||\u00bb button_icon_placement=\u00bbright\u00bb button_alignment=\u00bbcenter\u00bb text_orientation=\u00bbjustified\u00bb width=\u00bb100%\u00bb max_width=\u00bb100%\u00bb hover_enabled=\u00bb0&#8243;]<\/p>\n<p><strong><span style=\"color: #ffffff;\">Con la utilizaci\u00f3n de los equipos MagVenture puede ofrecer a sus pacientes un tratamiento para la depresi\u00f3n refractaria y a la alta tolerancia farmacol\u00f3gica desarrollada<\/span><\/strong><\/p>\n<p>[\/et_pb_slide][\/et_pb_fullwidth_slider][\/et_pb_section]<\/p>\n","protected":false},"excerpt":{"rendered":"<p>Con la utilizaci\u00f3n de los equipos MagVenture puede ofrecer a sus pacientes un tratamiento para la depresi\u00f3n refractaria y a la alta tolerancia farmacol\u00f3gica desarrollada<\/p>\n","protected":false},"author":1,"featured_media":0,"parent":0,"menu_order":0,"comment_status":"closed","ping_status":"closed","template":"","meta":{"_et_pb_use_builder":"on","_et_pb_old_content":"","_et_gb_content_width":""},"yoast_head":"<!-- This site is optimized with the Yoast SEO plugin v19.3 - https:\/\/yoast.com\/wordpress\/plugins\/seo\/ -->\n<title>EQUIPOS PARA EL TRATAMIENTO DE LA DEPRESI\u00d3N - FALC\u00d3N<\/title>\n<meta name=\"robots\" content=\"index, follow, max-snippet:-1, max-image-preview:large, max-video-preview:-1\" \/>\n<link rel=\"canonical\" href=\"https:\/\/www.falconmx.com\/sitioweb\/equipos-para-el-tratamiento-de-la-depresion\/\" \/>\n<meta property=\"og:locale\" content=\"es_ES\" \/>\n<meta property=\"og:type\" content=\"article\" \/>\n<meta property=\"og:title\" content=\"EQUIPOS PARA EL TRATAMIENTO DE LA DEPRESI\u00d3N - FALC\u00d3N\" \/>\n<meta property=\"og:description\" content=\"Con la utilizaci\u00f3n de los equipos MagVenture puede ofrecer a sus pacientes un tratamiento para la depresi\u00f3n refractaria y a la alta tolerancia farmacol\u00f3gica desarrollada\" \/>\n<meta property=\"og:url\" content=\"https:\/\/www.falconmx.com\/sitioweb\/equipos-para-el-tratamiento-de-la-depresion\/\" \/>\n<meta property=\"og:site_name\" content=\"FALC\u00d3N\" \/>\n<meta property=\"article:modified_time\" content=\"2020-02-19T23:38:38+00:00\" \/>\n<meta name=\"twitter:card\" content=\"summary_large_image\" \/>\n<meta name=\"twitter:label1\" content=\"Tiempo de lectura\" \/>\n\t<meta name=\"twitter:data1\" content=\"1 minuto\" \/>\n<script type=\"application\/ld+json\" class=\"yoast-schema-graph\">{\"@context\":\"https:\/\/schema.org\",\"@graph\":[{\"@type\":\"WebSite\",\"@id\":\"https:\/\/www.falconmx.com\/sitioweb\/#website\",\"url\":\"https:\/\/www.falconmx.com\/sitioweb\/\",\"name\":\"FALCON\",\"description\":\"Servircios Integrales\",\"potentialAction\":[{\"@type\":\"SearchAction\",\"target\":{\"@type\":\"EntryPoint\",\"urlTemplate\":\"https:\/\/www.falconmx.com\/sitioweb\/?s={search_term_string}\"},\"query-input\":\"required name=search_term_string\"}],\"inLanguage\":\"es\"},{\"@type\":\"WebPage\",\"@id\":\"https:\/\/www.falconmx.com\/sitioweb\/equipos-para-el-tratamiento-de-la-depresion\/\",\"url\":\"https:\/\/www.falconmx.com\/sitioweb\/equipos-para-el-tratamiento-de-la-depresion\/\",\"name\":\"EQUIPOS PARA EL TRATAMIENTO DE LA DEPRESI\u00d3N - FALC\u00d3N\",\"isPartOf\":{\"@id\":\"https:\/\/www.falconmx.com\/sitioweb\/#website\"},\"datePublished\":\"2020-02-18T22:11:37+00:00\",\"dateModified\":\"2020-02-19T23:38:38+00:00\",\"breadcrumb\":{\"@id\":\"https:\/\/www.falconmx.com\/sitioweb\/equipos-para-el-tratamiento-de-la-depresion\/#breadcrumb\"},\"inLanguage\":\"es\",\"potentialAction\":[{\"@type\":\"ReadAction\",\"target\":[\"https:\/\/www.falconmx.com\/sitioweb\/equipos-para-el-tratamiento-de-la-depresion\/\"]}]},{\"@type\":\"BreadcrumbList\",\"@id\":\"https:\/\/www.falconmx.com\/sitioweb\/equipos-para-el-tratamiento-de-la-depresion\/#breadcrumb\",\"itemListElement\":[{\"@type\":\"ListItem\",\"position\":1,\"name\":\"Portada\",\"item\":\"https:\/\/www.falconmx.com\/sitioweb\/\"},{\"@type\":\"ListItem\",\"position\":2,\"name\":\"EQUIPOS PARA EL TRATAMIENTO DE LA DEPRESI\u00d3N\"}]}]}<\/script>\n<!-- \/ Yoast SEO plugin. -->","yoast_head_json":{"title":"EQUIPOS PARA EL TRATAMIENTO DE LA DEPRESI\u00d3N - FALC\u00d3N","robots":{"index":"index","follow":"follow","max-snippet":"max-snippet:-1","max-image-preview":"max-image-preview:large","max-video-preview":"max-video-preview:-1"},"canonical":"https:\/\/www.falconmx.com\/sitioweb\/equipos-para-el-tratamiento-de-la-depresion\/","og_locale":"es_ES","og_type":"article","og_title":"EQUIPOS PARA EL TRATAMIENTO DE LA DEPRESI\u00d3N - FALC\u00d3N","og_description":"Con la utilizaci\u00f3n de los equipos MagVenture puede ofrecer a sus pacientes un tratamiento para la depresi\u00f3n refractaria y a la alta tolerancia farmacol\u00f3gica desarrollada","og_url":"https:\/\/www.falconmx.com\/sitioweb\/equipos-para-el-tratamiento-de-la-depresion\/","og_site_name":"FALC\u00d3N","article_modified_time":"2020-02-19T23:38:38+00:00","twitter_card":"summary_large_image","twitter_misc":{"Tiempo de lectura":"1 minuto"},"schema":{"@context":"https:\/\/schema.org","@graph":[{"@type":"WebSite","@id":"https:\/\/www.falconmx.com\/sitioweb\/#website","url":"https:\/\/www.falconmx.com\/sitioweb\/","name":"FALCON","description":"Servircios Integrales","potentialAction":[{"@type":"SearchAction","target":{"@type":"EntryPoint","urlTemplate":"https:\/\/www.falconmx.com\/sitioweb\/?s={search_term_string}"},"query-input":"required name=search_term_string"}],"inLanguage":"es"},{"@type":"WebPage","@id":"https:\/\/www.falconmx.com\/sitioweb\/equipos-para-el-tratamiento-de-la-depresion\/","url":"https:\/\/www.falconmx.com\/sitioweb\/equipos-para-el-tratamiento-de-la-depresion\/","name":"EQUIPOS PARA EL TRATAMIENTO DE LA DEPRESI\u00d3N - FALC\u00d3N","isPartOf":{"@id":"https:\/\/www.falconmx.com\/sitioweb\/#website"},"datePublished":"2020-02-18T22:11:37+00:00","dateModified":"2020-02-19T23:38:38+00:00","breadcrumb":{"@id":"https:\/\/www.falconmx.com\/sitioweb\/equipos-para-el-tratamiento-de-la-depresion\/#breadcrumb"},"inLanguage":"es","potentialAction":[{"@type":"ReadAction","target":["https:\/\/www.falconmx.com\/sitioweb\/equipos-para-el-tratamiento-de-la-depresion\/"]}]},{"@type":"BreadcrumbList","@id":"https:\/\/www.falconmx.com\/sitioweb\/equipos-para-el-tratamiento-de-la-depresion\/#breadcrumb","itemListElement":[{"@type":"ListItem","position":1,"name":"Portada","item":"https:\/\/www.falconmx.com\/sitioweb\/"},{"@type":"ListItem","position":2,"name":"EQUIPOS PARA EL TRATAMIENTO DE LA DEPRESI\u00d3N"}]}]}},"_links":{"self":[{"href":"https:\/\/www.falconmx.com\/sitioweb\/wp-json\/wp\/v2\/pages\/1050"}],"collection":[{"href":"https:\/\/www.falconmx.com\/sitioweb\/wp-json\/wp\/v2\/pages"}],"about":[{"href":"https:\/\/www.falconmx.com\/sitioweb\/wp-json\/wp\/v2\/types\/page"}],"author":[{"embeddable":true,"href":"https:\/\/www.falconmx.com\/sitioweb\/wp-json\/wp\/v2\/users\/1"}],"replies":[{"embeddable":true,"href":"https:\/\/www.falconmx.com\/sitioweb\/wp-json\/wp\/v2\/comments?post=1050"}],"version-history":[{"count":7,"href":"https:\/\/www.falconmx.com\/sitioweb\/wp-json\/wp\/v2\/pages\/1050\/revisions"}],"predecessor-version":[{"id":1099,"href":"https:\/\/www.falconmx.com\/sitioweb\/wp-json\/wp\/v2\/pages\/1050\/revisions\/1099"}],"wp:attachment":[{"href":"https:\/\/www.falconmx.com\/sitioweb\/wp-json\/wp\/v2\/media?parent=1050"}],"curies":[{"name":"wp","href":"https:\/\/api.w.org\/{rel}","templated":true}]}}