{"id":248,"date":"2019-10-21T16:57:20","date_gmt":"2019-10-21T21:57:20","guid":{"rendered":"http:\/\/www.falconmx.com\/sitioweb\/?page_id=248"},"modified":"2023-06-26T10:41:59","modified_gmt":"2023-06-26T16:41:59","slug":"inicio","status":"publish","type":"page","link":"https:\/\/www.falconmx.com\/sitioweb\/","title":{"rendered":"INICIO"},"content":{"rendered":"<p>[et_pb_section fb_built=\u00bb1&#8243; fullwidth=\u00bbon\u00bb _builder_version=\u00bb4.0.2&#8243; background_enable_color=\u00bboff\u00bb background_enable_image=\u00bboff\u00bb global_colors_info=\u00bb{}\u00bb][et_pb_fullwidth_slider _builder_version=\u00bb4.4.4&#8243; auto=\u00bbon\u00bb auto_ignore_hover=\u00bbon\u00bb hover_transition_duration=\u00bb150ms\u00bb hover_transition_delay=\u00bb50ms\u00bb global_colors_info=\u00bb{}\u00bb][et_pb_slide heading=\u00bbTRABAJAMOS PARA MEJORAR LA SALUD\u00bb button_text=\u00bbCALIDAD\u00bb button_link=\u00bbhttps:\/\/www.falconmx.com\/sitioweb\/calidad\/\u00bb use_bg_overlay=\u00bbon\u00bb _builder_version=\u00bb4.0.2&#8243; header_level=\u00bbh1&#8243; header_font=\u00bb|700|on||||||\u00bb header_text_color=\u00bb#ffffff\u00bb header_font_size=\u00bb46px\u00bb body_font=\u00bb||||||||\u00bb background_enable_color=\u00bboff\u00bb background_image=\u00bbhttps:\/\/www.falconmx.com\/sitioweb\/wp-content\/uploads\/2019\/10\/portada-shutterstock_764373250-ch.jpg\u00bb background_enable_image=\u00bbon\u00bb parallax=\u00bbon\u00bb custom_button=\u00bbon\u00bb button_text_size=\u00bb9px\u00bb button_bg_color=\u00bbrgba(224,43,32,0.97)\u00bb button_border_width=\u00bb0px\u00bb button_font=\u00bb|800|||||||\u00bb button_icon_placement=\u00bbright\u00bb button_alignment=\u00bbleft\u00bb text_orientation=\u00bbjustified\u00bb width=\u00bb100%\u00bb max_width=\u00bb100%\u00bb global_colors_info=\u00bb{}\u00bb sticky_transition=\u00bbon\u00bb]<\/p>\n<p style=\"text-align: justify;\">En Falc\u00f3n integramos diferentes eslabones en soluciones tecnol\u00f3gicas, rentables, competitivas y flexibles, asegurando los mejores recursos humanos y tecnolog\u00eda de vanguardia, para nosotros lo m\u00e1s importante es tu salud.<\/p>\n<p>[\/et_pb_slide][et_pb_slide heading=\u00bbNUESTRAS OFICINAS, EJEMPLO DE ARQUITECTURA CONTEMPOR\u00c1NEA\u00bb button_text=\u00bbSERVICIO\u00bb button_link=\u00bbhttps:\/\/www.falconmx.com\/sitioweb\/servicios-2\/\u00bb use_bg_overlay=\u00bbon\u00bb _builder_version=\u00bb4.0.2&#8243; header_level=\u00bbh1&#8243; header_font=\u00bb|700|||||||\u00bb body_font=\u00bb||||||||\u00bb body_text_align=\u00bbjustify\u00bb background_enable_color=\u00bboff\u00bb background_image=\u00bbhttps:\/\/www.falconmx.com\/sitioweb\/wp-content\/uploads\/2019\/10\/GUIDO_TORRES.jpg\u00bb background_enable_image=\u00bbon\u00bb custom_button=\u00bbon\u00bb button_text_size=\u00bb9px\u00bb button_bg_color=\u00bb#e02b20&#8243; button_border_width=\u00bb0px\u00bb button_font=\u00bb|800|||||||\u00bb text_orientation=\u00bbleft\u00bb global_colors_info=\u00bb{}\u00bb sticky_transition=\u00bbon\u00bb]<\/p>\n<p>El American Institute of Architects galardon\u00f3 al arquitecto Michel Rojkind por tres obras: Las oficinas de Falc\u00f3n, la Cineteca Nacional y la tienda departamental Liverpool Insurgentes.<\/p>\n<p>[\/et_pb_slide][et_pb_slide heading=\u00bbL\u00cdDERES EN SERVICIOS INTEGRALES PARA EL SECTOR SALUD\u00bb button_text=\u00bbFALC\u00d3N\u00bb button_link=\u00bbhttps:\/\/www.falconmx.com\/sitioweb\/empresa\/\u00bb use_bg_overlay=\u00bbon\u00bb use_text_overlay=\u00bbon\u00bb text_overlay_color=\u00bbrgba(0,0,0,0.03)\u00bb _builder_version=\u00bb4.0.4&#8243; header_level=\u00bbh1&#8243; header_font=\u00bb|700|on||||||\u00bb header_text_align=\u00bbjustify\u00bb body_font=\u00bb||||||||\u00bb body_text_align=\u00bbjustify\u00bb background_enable_color=\u00bboff\u00bb background_image=\u00bbhttps:\/\/www.falconmx.com\/sitioweb\/wp-content\/uploads\/2019\/10\/DSC_9714.jpg\u00bb background_enable_image=\u00bbon\u00bb custom_button=\u00bbon\u00bb button_text_size=\u00bb9px\u00bb button_text_color=\u00bb#ffffff\u00bb button_bg_color=\u00bb#e02b20&#8243; button_border_width=\u00bb0px\u00bb button_font=\u00bb|700|||||||\u00bb button_icon_placement=\u00bbright\u00bb button_alignment=\u00bbleft\u00bb button_custom_margin=\u00bb|||34px|false|false\u00bb button_custom_padding=\u00bb|6px|||false|false\u00bb global_colors_info=\u00bb{}\u00bb sticky_transition=\u00bbon\u00bb]<\/p>\n<p>Falc\u00f3n es l\u00edder en la prestaci\u00f3n de servicios integrales para los centros m\u00e9dicos de alta especializaci\u00f3n m\u00e1s importantes del Sector Salud. Tenemos presencia en los bancos de sangre y laboratorios cl\u00ednicos de los Centros M\u00e9dicos Nacionales Siglo XXI, La Raza, 20 de Noviembre, Hospital General Gea Gonz\u00e1lez, Instituto Nacional de Cancerolog\u00eda, entre otros.<\/p>\n<p>[\/et_pb_slide][\/et_pb_fullwidth_slider][\/et_pb_section][et_pb_section fb_built=\u00bb1&#8243; admin_label=\u00bbMarket Information Section\u00bb _builder_version=\u00bb3.22&#8243; custom_padding=\u00bb70px||70px|\u00bb global_colors_info=\u00bb{}\u00bb][et_pb_row column_structure=\u00bb1_3,1_3,1_3&#8243; admin_label=\u00bbMarket Information Title Area\u00bb _builder_version=\u00bb3.25&#8243; custom_padding=\u00bb|||\u00bb global_colors_info=\u00bb{}\u00bb][et_pb_column type=\u00bb1_3&#8243; _builder_version=\u00bb3.25&#8243; custom_padding=\u00bb|||\u00bb global_colors_info=\u00bb{}\u00bb custom_padding__hover=\u00bb|||\u00bb][et_pb_image src=\u00bbhttps:\/\/www.falconmx.com\/sitioweb\/wp-content\/uploads\/2019\/10\/portada-shutterstock_764373250-ch.jpg\u00bb _builder_version=\u00bb4.0.2&#8243; animation_style=\u00bbroll\u00bb box_shadow_style=\u00bbpreset4&#8243; global_colors_info=\u00bb{}\u00bb][\/et_pb_image][\/et_pb_column][et_pb_column type=\u00bb1_3&#8243; _builder_version=\u00bb3.25&#8243; custom_padding=\u00bb|||\u00bb global_colors_info=\u00bb{}\u00bb custom_padding__hover=\u00bb|||\u00bb][et_pb_image src=\u00bbhttps:\/\/www.falconmx.com\/sitioweb\/wp-content\/uploads\/2019\/10\/GUIDO_TORRES.jpg\u00bb _builder_version=\u00bb4.0.2&#8243; animation_style=\u00bbroll\u00bb box_shadow_style=\u00bbpreset4&#8243; global_colors_info=\u00bb{}\u00bb][\/et_pb_image][\/et_pb_column][et_pb_column type=\u00bb1_3&#8243; _builder_version=\u00bb3.25&#8243; custom_padding=\u00bb|||\u00bb global_colors_info=\u00bb{}\u00bb custom_padding__hover=\u00bb|||\u00bb][et_pb_image src=\u00bbhttps:\/\/www.falconmx.com\/sitioweb\/wp-content\/uploads\/2019\/10\/shutterstock_601337636.jpg\u00bb _builder_version=\u00bb4.0.2&#8243; animation_style=\u00bbroll\u00bb box_shadow_style=\u00bbpreset4&#8243; global_colors_info=\u00bb{}\u00bb][\/et_pb_image][\/et_pb_column][\/et_pb_row][et_pb_row column_structure=\u00bb1_3,1_3,1_3&#8243; _builder_version=\u00bb3.29.3&#8243; global_colors_info=\u00bb{}\u00bb][et_pb_column type=\u00bb1_3&#8243; _builder_version=\u00bb3.29.3&#8243; global_colors_info=\u00bb{}\u00bb][et_pb_text _builder_version=\u00bb3.29.3&#8243; text_font=\u00bb|800|||||||\u00bb text_text_color=\u00bb#000000&#8243; text_font_size=\u00bb26px\u00bb text_orientation=\u00bbcenter\u00bb animation_style=\u00bbzoom\u00bb text_text_shadow_style=\u00bbpreset3&#8243; global_colors_info=\u00bb{}\u00bb]<\/p>\n<p>Servicios<\/p>\n<p>[\/et_pb_text][\/et_pb_column][et_pb_column type=\u00bb1_3&#8243; _builder_version=\u00bb3.29.3&#8243; global_colors_info=\u00bb{}\u00bb][et_pb_text _builder_version=\u00bb3.29.3&#8243; text_font=\u00bb|800|||||||\u00bb text_text_color=\u00bb#000000&#8243; text_font_size=\u00bb26px\u00bb text_orientation=\u00bbcenter\u00bb animation_style=\u00bbzoom\u00bb text_text_shadow_style=\u00bbpreset3&#8243; global_colors_info=\u00bb{}\u00bb]<\/p>\n<p>Infraestructura<\/p>\n<p>[\/et_pb_text][\/et_pb_column][et_pb_column type=\u00bb1_3&#8243; _builder_version=\u00bb3.29.3&#8243; global_colors_info=\u00bb{}\u00bb][et_pb_text _builder_version=\u00bb3.29.3&#8243; text_font=\u00bb|800|||||||\u00bb text_text_color=\u00bb#000000&#8243; text_font_size=\u00bb26px\u00bb text_orientation=\u00bbcenter\u00bb animation_style=\u00bbzoom\u00bb text_text_shadow_style=\u00bbpreset3&#8243; global_colors_info=\u00bb{}\u00bb]<\/p>\n<p>Proveedores<\/p>\n<p>[\/et_pb_text][\/et_pb_column][\/et_pb_row][et_pb_row column_structure=\u00bb1_3,1_3,1_3&#8243; _builder_version=\u00bb3.29.3&#8243; global_colors_info=\u00bb{}\u00bb][et_pb_column type=\u00bb1_3&#8243; _builder_version=\u00bb3.29.3&#8243; global_colors_info=\u00bb{}\u00bb][et_pb_button button_url=\u00bbhttps:\/\/www.falconmx.com\/sitioweb\/servicios\/\u00bb button_text=\u00bbLEER M\u00c1S\u00bb button_alignment=\u00bbcenter\u00bb _builder_version=\u00bb4.0.2&#8243; custom_button=\u00bbon\u00bb button_text_size=\u00bb15px\u00bb button_text_color=\u00bb#e02b20&#8243; button_border_width=\u00bb0px\u00bb button_font=\u00bb|600|||||||\u00bb button_use_icon=\u00bboff\u00bb animation_style=\u00bbzoom\u00bb global_colors_info=\u00bb{}\u00bb][\/et_pb_button][\/et_pb_column][et_pb_column type=\u00bb1_3&#8243; _builder_version=\u00bb3.29.3&#8243; global_colors_info=\u00bb{}\u00bb][et_pb_button button_url=\u00bbhttps:\/\/www.falconmx.com\/sitioweb\/infraestructura\/\u00bb button_text=\u00bbLEER M\u00c1S\u00bb button_alignment=\u00bbcenter\u00bb _builder_version=\u00bb4.0.2&#8243; custom_button=\u00bbon\u00bb button_text_size=\u00bb15px\u00bb button_text_color=\u00bb#e02b20&#8243; button_border_width=\u00bb0px\u00bb button_font=\u00bb|600|||||||\u00bb button_use_icon=\u00bboff\u00bb animation_style=\u00bbzoom\u00bb global_colors_info=\u00bb{}\u00bb][\/et_pb_button][\/et_pb_column][et_pb_column type=\u00bb1_3&#8243; _builder_version=\u00bb3.29.3&#8243; global_colors_info=\u00bb{}\u00bb][et_pb_button button_url=\u00bbhttps:\/\/www.falconmx.com\/sitioweb\/proveedores\/\u00bb button_text=\u00bbLEER M\u00c1S\u00bb button_alignment=\u00bbcenter\u00bb _builder_version=\u00bb4.0.2&#8243; custom_button=\u00bbon\u00bb button_text_size=\u00bb15px\u00bb button_text_color=\u00bb#e02b20&#8243; button_border_width=\u00bb0px\u00bb button_font=\u00bb|600|||||||\u00bb button_use_icon=\u00bboff\u00bb animation_style=\u00bbzoom\u00bb global_colors_info=\u00bb{}\u00bb][\/et_pb_button][\/et_pb_column][\/et_pb_row][\/et_pb_section][et_pb_section fb_built=\u00bb1&#8243; _builder_version=\u00bb4.6.1&#8243; _module_preset=\u00bbdefault\u00bb global_colors_info=\u00bb{}\u00bb][et_pb_row _builder_version=\u00bb4.6.1&#8243; _module_preset=\u00bbdefault\u00bb global_colors_info=\u00bb{}\u00bb][et_pb_column type=\u00bb4_4&#8243; _builder_version=\u00bb4.6.1&#8243; _module_preset=\u00bbdefault\u00bb global_colors_info=\u00bb{}\u00bb][et_pb_button button_url=\u00bbhttps:\/\/drive.google.com\/file\/d\/1M-ZA4S9Qt7bE7YnBM93e7KIKTpFPEkKY\/view?usp=sharing\u00bb button_text=\u00bbAviso de privacidad\u00bb _builder_version=\u00bb4.12.0&#8243; _module_preset=\u00bbdefault\u00bb custom_button=\u00bbon\u00bb hover_enabled=\u00bb0&#8243; global_colors_info=\u00bb{}\u00bb sticky_enabled=\u00bb0&#8243;][\/et_pb_button][\/et_pb_column][\/et_pb_row][\/et_pb_section]<\/p>\n","protected":false},"excerpt":{"rendered":"<p>En Falc\u00f3n integramos diferentes eslabones en soluciones tecnol\u00f3gicas, rentables, competitivas y flexibles, asegurando los mejores recursos humanos y tecnolog\u00eda de vanguardia, para nosotros lo m\u00e1s importante es tu salud.El American Institute of Architects galardon\u00f3 al arquitecto Michel Rojkind por tres obras: Las oficinas de Falc\u00f3n, la Cineteca Nacional y la tienda departamental Liverpool Insurgentes.Falc\u00f3n es [&hellip;]<\/p>\n","protected":false},"author":1,"featured_media":0,"parent":0,"menu_order":0,"comment_status":"closed","ping_status":"closed","template":"","meta":{"_et_pb_use_builder":"on","_et_pb_old_content":"","_et_gb_content_width":""},"yoast_head":"<!-- This site is optimized with the Yoast SEO plugin v19.3 - https:\/\/yoast.com\/wordpress\/plugins\/seo\/ -->\n<title>INICIO - FALC\u00d3N<\/title>\n<meta name=\"robots\" content=\"index, follow, max-snippet:-1, max-image-preview:large, max-video-preview:-1\" \/>\n<link rel=\"canonical\" href=\"https:\/\/www.falconmx.com\/sitioweb\/\" \/>\n<meta property=\"og:locale\" content=\"es_ES\" \/>\n<meta property=\"og:type\" content=\"article\" \/>\n<meta property=\"og:title\" content=\"INICIO - FALC\u00d3N\" \/>\n<meta property=\"og:description\" content=\"En Falc\u00f3n integramos diferentes eslabones en soluciones tecnol\u00f3gicas, rentables, competitivas y flexibles, asegurando los mejores recursos humanos y tecnolog\u00eda de vanguardia, para nosotros lo m\u00e1s importante es tu salud.El American Institute of Architects galardon\u00f3 al arquitecto Michel Rojkind por tres obras: Las oficinas de Falc\u00f3n, la Cineteca Nacional y la tienda departamental Liverpool Insurgentes.Falc\u00f3n es [&hellip;]\" \/>\n<meta property=\"og:url\" content=\"https:\/\/www.falconmx.com\/sitioweb\/\" \/>\n<meta property=\"og:site_name\" content=\"FALC\u00d3N\" \/>\n<meta property=\"article:modified_time\" content=\"2023-06-26T16:41:59+00:00\" \/>\n<meta name=\"twitter:card\" content=\"summary_large_image\" \/>\n<meta name=\"twitter:label1\" content=\"Tiempo de lectura\" \/>\n\t<meta name=\"twitter:data1\" content=\"6 minutos\" \/>\n<script type=\"application\/ld+json\" class=\"yoast-schema-graph\">{\"@context\":\"https:\/\/schema.org\",\"@graph\":[{\"@type\":\"WebSite\",\"@id\":\"https:\/\/www.falconmx.com\/sitioweb\/#website\",\"url\":\"https:\/\/www.falconmx.com\/sitioweb\/\",\"name\":\"FALCON\",\"description\":\"Servircios Integrales\",\"potentialAction\":[{\"@type\":\"SearchAction\",\"target\":{\"@type\":\"EntryPoint\",\"urlTemplate\":\"https:\/\/www.falconmx.com\/sitioweb\/?s={search_term_string}\"},\"query-input\":\"required name=search_term_string\"}],\"inLanguage\":\"es\"},{\"@type\":\"WebPage\",\"@id\":\"https:\/\/www.falconmx.com\/sitioweb\/\",\"url\":\"https:\/\/www.falconmx.com\/sitioweb\/\",\"name\":\"INICIO - FALC\u00d3N\",\"isPartOf\":{\"@id\":\"https:\/\/www.falconmx.com\/sitioweb\/#website\"},\"datePublished\":\"2019-10-21T21:57:20+00:00\",\"dateModified\":\"2023-06-26T16:41:59+00:00\",\"breadcrumb\":{\"@id\":\"https:\/\/www.falconmx.com\/sitioweb\/#breadcrumb\"},\"inLanguage\":\"es\",\"potentialAction\":[{\"@type\":\"ReadAction\",\"target\":[\"https:\/\/www.falconmx.com\/sitioweb\/\"]}]},{\"@type\":\"BreadcrumbList\",\"@id\":\"https:\/\/www.falconmx.com\/sitioweb\/#breadcrumb\",\"itemListElement\":[{\"@type\":\"ListItem\",\"position\":1,\"name\":\"Portada\",\"item\":\"https:\/\/www.falconmx.com\/sitioweb\/\"},{\"@type\":\"ListItem\",\"position\":2,\"name\":\"INICIO\"}]}]}<\/script>\n<!-- \/ Yoast SEO plugin. -->","yoast_head_json":{"title":"INICIO - FALC\u00d3N","robots":{"index":"index","follow":"follow","max-snippet":"max-snippet:-1","max-image-preview":"max-image-preview:large","max-video-preview":"max-video-preview:-1"},"canonical":"https:\/\/www.falconmx.com\/sitioweb\/","og_locale":"es_ES","og_type":"article","og_title":"INICIO - FALC\u00d3N","og_description":"En Falc\u00f3n integramos diferentes eslabones en soluciones tecnol\u00f3gicas, rentables, competitivas y flexibles, asegurando los mejores recursos humanos y tecnolog\u00eda de vanguardia, para nosotros lo m\u00e1s importante es tu salud.El American Institute of Architects galardon\u00f3 al arquitecto Michel Rojkind por tres obras: Las oficinas de Falc\u00f3n, la Cineteca Nacional y la tienda departamental Liverpool Insurgentes.Falc\u00f3n es [&hellip;]","og_url":"https:\/\/www.falconmx.com\/sitioweb\/","og_site_name":"FALC\u00d3N","article_modified_time":"2023-06-26T16:41:59+00:00","twitter_card":"summary_large_image","twitter_misc":{"Tiempo de lectura":"6 minutos"},"schema":{"@context":"https:\/\/schema.org","@graph":[{"@type":"WebSite","@id":"https:\/\/www.falconmx.com\/sitioweb\/#website","url":"https:\/\/www.falconmx.com\/sitioweb\/","name":"FALCON","description":"Servircios Integrales","potentialAction":[{"@type":"SearchAction","target":{"@type":"EntryPoint","urlTemplate":"https:\/\/www.falconmx.com\/sitioweb\/?s={search_term_string}"},"query-input":"required name=search_term_string"}],"inLanguage":"es"},{"@type":"WebPage","@id":"https:\/\/www.falconmx.com\/sitioweb\/","url":"https:\/\/www.falconmx.com\/sitioweb\/","name":"INICIO - FALC\u00d3N","isPartOf":{"@id":"https:\/\/www.falconmx.com\/sitioweb\/#website"},"datePublished":"2019-10-21T21:57:20+00:00","dateModified":"2023-06-26T16:41:59+00:00","breadcrumb":{"@id":"https:\/\/www.falconmx.com\/sitioweb\/#breadcrumb"},"inLanguage":"es","potentialAction":[{"@type":"ReadAction","target":["https:\/\/www.falconmx.com\/sitioweb\/"]}]},{"@type":"BreadcrumbList","@id":"https:\/\/www.falconmx.com\/sitioweb\/#breadcrumb","itemListElement":[{"@type":"ListItem","position":1,"name":"Portada","item":"https:\/\/www.falconmx.com\/sitioweb\/"},{"@type":"ListItem","position":2,"name":"INICIO"}]}]}},"_links":{"self":[{"href":"https:\/\/www.falconmx.com\/sitioweb\/wp-json\/wp\/v2\/pages\/248"}],"collection":[{"href":"https:\/\/www.falconmx.com\/sitioweb\/wp-json\/wp\/v2\/pages"}],"about":[{"href":"https:\/\/www.falconmx.com\/sitioweb\/wp-json\/wp\/v2\/types\/page"}],"author":[{"embeddable":true,"href":"https:\/\/www.falconmx.com\/sitioweb\/wp-json\/wp\/v2\/users\/1"}],"replies":[{"embeddable":true,"href":"https:\/\/www.falconmx.com\/sitioweb\/wp-json\/wp\/v2\/comments?post=248"}],"version-history":[{"count":38,"href":"https:\/\/www.falconmx.com\/sitioweb\/wp-json\/wp\/v2\/pages\/248\/revisions"}],"predecessor-version":[{"id":1170,"href":"https:\/\/www.falconmx.com\/sitioweb\/wp-json\/wp\/v2\/pages\/248\/revisions\/1170"}],"wp:attachment":[{"href":"https:\/\/www.falconmx.com\/sitioweb\/wp-json\/wp\/v2\/media?parent=248"}],"curies":[{"name":"wp","href":"https:\/\/api.w.org\/{rel}","templated":true}]}}