{"id":377,"date":"2019-10-22T17:25:39","date_gmt":"2019-10-22T22:25:39","guid":{"rendered":"http:\/\/www.falconmx.com\/sitioweb\/?page_id=377"},"modified":"2019-10-31T16:40:46","modified_gmt":"2019-10-31T22:40:46","slug":"servicios","status":"publish","type":"page","link":"https:\/\/www.falconmx.com\/sitioweb\/servicios\/","title":{"rendered":"SERVICIOS"},"content":{"rendered":"<p>[et_pb_section fb_built=\u00bb1&#8243; fullwidth=\u00bbon\u00bb _builder_version=\u00bb4.0.2&#8243; background_enable_color=\u00bboff\u00bb background_enable_image=\u00bboff\u00bb locked=\u00bboff\u00bb][et_pb_fullwidth_slider _builder_version=\u00bb4.0.4&#8243; custom_button=\u00bbon\u00bb button_text_size=\u00bb12px\u00bb button_use_icon=\u00bboff\u00bb min_height=\u00bb623px\u00bb hover_transition_duration=\u00bb150ms\u00bb hover_transition_delay=\u00bb50ms\u00bb hover_enabled=\u00bb0&#8243;][et_pb_slide heading=\u00bbSERVICIOS\u00bb button_text=\u00bbINICIO\u00bb button_link=\u00bbhttps:\/\/www.falconmx.com\/sitioweb\/\u00bb use_bg_overlay=\u00bbon\u00bb _builder_version=\u00bb4.0.4&#8243; header_level=\u00bbh1&#8243; header_font=\u00bb|700|on||||||\u00bb header_text_align=\u00bbcenter\u00bb header_text_color=\u00bb#ffffff\u00bb header_font_size=\u00bb48px\u00bb header_letter_spacing=\u00bb0px\u00bb body_font=\u00bb||||||||\u00bb background_enable_color=\u00bboff\u00bb background_image=\u00bbhttps:\/\/www.falconmx.com\/sitioweb\/wp-content\/uploads\/2019\/10\/portada-shutterstock_764373250-ch.jpg\u00bb background_enable_image=\u00bbon\u00bb parallax=\u00bbon\u00bb custom_button=\u00bbon\u00bb button_text_size=\u00bb9px\u00bb button_text_color=\u00bb#ffffff\u00bb button_bg_color=\u00bbrgba(0,0,0,0)\u00bb button_border_width=\u00bb0px\u00bb button_font=\u00bb|800|||||||\u00bb button_icon_placement=\u00bbright\u00bb button_alignment=\u00bbcenter\u00bb text_orientation=\u00bbjustified\u00bb width=\u00bb100%\u00bb max_width=\u00bb100%\u00bb hover_enabled=\u00bb0&#8243;][\/et_pb_slide][\/et_pb_fullwidth_slider][\/et_pb_section][et_pb_section fb_built=\u00bb1&#8243; _builder_version=\u00bb4.0.2&#8243;][et_pb_row column_structure=\u00bb1_2,1_2&#8243; use_custom_gutter=\u00bbon\u00bb gutter_width=\u00bb1&#8243; make_equal=\u00bbon\u00bb module_class=\u00bb et_pb_row_fullwidth\u00bb _builder_version=\u00bb4.0.2&#8243; background_size=\u00bbinitial\u00bb background_position=\u00bbtop_left\u00bb background_repeat=\u00bbrepeat\u00bb width=\u00bb100%\u00bb width_tablet=\u00bb100%\u00bb width_phone=\u00bb\u00bb width_last_edited=\u00bbon|desktop\u00bb max_width=\u00bb100%\u00bb max_width_tablet=\u00bb100%\u00bb max_width_phone=\u00bb\u00bb max_width_last_edited=\u00bbon|desktop\u00bb custom_margin=\u00bb0px||0px|\u00bb custom_padding=\u00bb0px||0px|\u00bb make_fullwidth=\u00bbon\u00bb locked=\u00bboff\u00bb][et_pb_column type=\u00bb1_2&#8243; _builder_version=\u00bb4.0.2&#8243; background_image=\u00bbhttps:\/\/www.falconmx.com\/sitioweb\/wp-content\/uploads\/2019\/10\/DSC_1649.jpg\u00bb background_position=\u00bbtop_left\u00bb custom_padding=\u00bb|||\u00bb custom_padding__hover=\u00bb|||\u00bb][\/et_pb_column][et_pb_column type=\u00bb1_2&#8243; _builder_version=\u00bb3.25&#8243; background_color=\u00bb#f4f4f4&#8243; background_position=\u00bbtop_left\u00bb custom_padding=\u00bb8%|6%|8%|6%\u00bb custom_padding__hover=\u00bb|||\u00bb][et_pb_divider color=\u00bb#4e5ed0&#8243; divider_weight=\u00bb3px\u00bb disabled_on=\u00bboff|off|off\u00bb _builder_version=\u00bb3.2&#8243; background_color_gradient_direction=\u00bb90deg\u00bb max_width=\u00bb100px\u00bb module_alignment=\u00bbleft\u00bb height=\u00bb5px\u00bb custom_margin=\u00bb|900px|20px|||\u00bb custom_padding=\u00bb||20px|\u00bb animation_style=\u00bbslide\u00bb animation_direction=\u00bbbottom\u00bb saved_tabs=\u00bball\u00bb locked=\u00bboff\u00bb][\/et_pb_divider][et_pb_text _builder_version=\u00bb4.0.2&#8243;]<\/p>\n<h1><span style=\"color: #000000;\"><strong>SERVICIOS INTEGRALES DE SALUD<\/strong><\/span><\/h1>\n<p><span style=\"color: #000000;\"><strong><\/strong><\/span><\/p>\n<p><span style=\"color: #000000;\"><strong><\/strong><\/span><\/p>\n<p style=\"text-align: justify;\">[\/et_pb_text][et_pb_button button_url=\u00bbhttps:\/\/www.falconmx.com\/sitioweb\/servicios-integrales-de-salud\/\u00bb button_text=\u00bbVER M\u00c1S\u00bb button_alignment=\u00bbcenter\u00bb _builder_version=\u00bb4.0.2&#8243; custom_button=\u00bbon\u00bb button_text_size=\u00bb12px\u00bb button_text_color=\u00bb#ffffff\u00bb button_bg_color=\u00bb#e02b20&#8243; button_border_width=\u00bb0px\u00bb button_border_radius=\u00bb34px\u00bb button_letter_spacing=\u00bb0px\u00bb button_use_icon=\u00bboff\u00bb][\/et_pb_button][\/et_pb_column][\/et_pb_row][et_pb_row column_structure=\u00bb1_2,1_2&#8243; use_custom_gutter=\u00bbon\u00bb gutter_width=\u00bb1&#8243; make_equal=\u00bbon\u00bb module_class=\u00bb et_pb_row_fullwidth\u00bb _builder_version=\u00bb4.0.2&#8243; background_size=\u00bbinitial\u00bb background_position=\u00bbtop_left\u00bb background_repeat=\u00bbrepeat\u00bb width=\u00bb100%\u00bb width_tablet=\u00bb100%\u00bb width_phone=\u00bb\u00bb width_last_edited=\u00bbon|desktop\u00bb max_width=\u00bb100%\u00bb max_width_tablet=\u00bb100%\u00bb max_width_phone=\u00bb\u00bb max_width_last_edited=\u00bbon|desktop\u00bb custom_margin=\u00bb0px||0px|\u00bb custom_padding=\u00bb0px||0px|\u00bb make_fullwidth=\u00bbon\u00bb locked=\u00bboff\u00bb][et_pb_column type=\u00bb1_2&#8243; _builder_version=\u00bb3.25&#8243; background_color=\u00bb#f4f4f4&#8243; background_position=\u00bbtop_left\u00bb custom_padding=\u00bb8%|6%|8%|6%\u00bb custom_padding__hover=\u00bb|||\u00bb][et_pb_divider color=\u00bb#4e5ed0&#8243; divider_weight=\u00bb3px\u00bb disabled_on=\u00bboff|off|off\u00bb _builder_version=\u00bb3.2&#8243; background_color_gradient_direction=\u00bb90deg\u00bb max_width=\u00bb100px\u00bb module_alignment=\u00bbleft\u00bb height=\u00bb5px\u00bb custom_margin=\u00bb|900px|20px|||\u00bb custom_padding=\u00bb||20px|\u00bb animation_style=\u00bbslide\u00bb animation_direction=\u00bbbottom\u00bb saved_tabs=\u00bball\u00bb locked=\u00bboff\u00bb][\/et_pb_divider][et_pb_text _builder_version=\u00bb4.0.2&#8243; text_orientation=\u00bbcenter\u00bb]<\/p>\n<h1><span color=\"#000000\" style=\"color: #000000;\"><b>HERRAMIENTAS PARA LA MEDICINA PREVENTIVA<\/b><\/span><\/h1>\n<p><span style=\"color: #000000;\"><strong><\/strong><\/span><\/p>\n<p><span style=\"color: #000000;\"><strong><\/strong><\/span><\/p>\n<p style=\"text-align: justify;\">\n<p>[\/et_pb_text][et_pb_button button_url=\u00bbhttps:\/\/www.falconmx.com\/sitioweb\/herramientas-para-la-medicina-preventiva\/\u00bb button_text=\u00bbVER M\u00c1S\u00bb button_alignment=\u00bbcenter\u00bb _builder_version=\u00bb4.0.2&#8243; custom_button=\u00bbon\u00bb button_text_size=\u00bb12px\u00bb button_text_color=\u00bb#ffffff\u00bb button_bg_color=\u00bb#e02b20&#8243; button_border_width=\u00bb0px\u00bb button_border_radius=\u00bb34px\u00bb button_letter_spacing=\u00bb0px\u00bb button_use_icon=\u00bboff\u00bb][\/et_pb_button][\/et_pb_column][et_pb_column type=\u00bb1_2&#8243; _builder_version=\u00bb4.0.2&#8243; background_image=\u00bbhttps:\/\/www.falconmx.com\/sitioweb\/wp-content\/uploads\/2019\/10\/b97faccc-4106-40a4-949f-33cb2e6291ec.jpg\u00bb background_position=\u00bbtop_left\u00bb custom_padding=\u00bb|||\u00bb custom_padding__hover=\u00bb|||\u00bb][\/et_pb_column][\/et_pb_row][et_pb_row column_structure=\u00bb1_2,1_2&#8243; use_custom_gutter=\u00bbon\u00bb gutter_width=\u00bb1&#8243; make_equal=\u00bbon\u00bb module_class=\u00bb et_pb_row_fullwidth\u00bb _builder_version=\u00bb4.0.2&#8243; background_size=\u00bbinitial\u00bb background_position=\u00bbtop_left\u00bb background_repeat=\u00bbrepeat\u00bb width=\u00bb100%\u00bb width_tablet=\u00bb100%\u00bb width_phone=\u00bb\u00bb width_last_edited=\u00bbon|desktop\u00bb max_width=\u00bb100%\u00bb max_width_tablet=\u00bb100%\u00bb max_width_phone=\u00bb\u00bb max_width_last_edited=\u00bbon|desktop\u00bb custom_margin=\u00bb0px||0px|\u00bb custom_padding=\u00bb0px||0px|\u00bb make_fullwidth=\u00bbon\u00bb locked=\u00bboff\u00bb][et_pb_column type=\u00bb1_2&#8243; _builder_version=\u00bb4.0.2&#8243; use_background_color_gradient=\u00bbon\u00bb background_image=\u00bbhttps:\/\/www.falconmx.com\/sitioweb\/wp-content\/uploads\/2019\/10\/DSC_1617.jpg\u00bb background_position=\u00bbtop_left\u00bb custom_padding=\u00bb|||\u00bb custom_padding__hover=\u00bb|||\u00bb][\/et_pb_column][et_pb_column type=\u00bb1_2&#8243; _builder_version=\u00bb3.25&#8243; background_color=\u00bb#f4f4f4&#8243; background_position=\u00bbtop_left\u00bb custom_padding=\u00bb8%|6%|8%|6%\u00bb custom_padding__hover=\u00bb|||\u00bb][et_pb_divider color=\u00bb#4e5ed0&#8243; divider_weight=\u00bb3px\u00bb disabled_on=\u00bboff|off|off\u00bb _builder_version=\u00bb3.2&#8243; background_color_gradient_direction=\u00bb90deg\u00bb max_width=\u00bb100px\u00bb module_alignment=\u00bbleft\u00bb height=\u00bb5px\u00bb custom_margin=\u00bb|900px|20px|||\u00bb custom_padding=\u00bb||20px|\u00bb animation_style=\u00bbslide\u00bb animation_direction=\u00bbbottom\u00bb saved_tabs=\u00bball\u00bb locked=\u00bboff\u00bb][\/et_pb_divider][et_pb_text _builder_version=\u00bb4.0.2&#8243; text_orientation=\u00bbcenter\u00bb]<\/p>\n<h1><span color=\"#000000\" style=\"color: #000000;\"><b>CONSTRUCCI\u00d3N Y ACONDICIONAMIENTO DE UNIDADES M\u00c9DICAS<\/b><\/span><\/h1>\n<p><span style=\"color: #000000;\"><strong><\/strong><\/span><\/p>\n<p><span style=\"color: #000000;\"><strong><\/strong><\/span><\/p>\n<p style=\"text-align: justify;\">\n<p>[\/et_pb_text][et_pb_button button_url=\u00bbhttps:\/\/www.falconmx.com\/sitioweb\/construccion-y-acondicionamiento-de-unidades-medicas\/\u00bb button_text=\u00bbVER M\u00c1S\u00bb button_alignment=\u00bbcenter\u00bb _builder_version=\u00bb4.0.2&#8243; custom_button=\u00bbon\u00bb button_text_size=\u00bb12px\u00bb button_text_color=\u00bb#ffffff\u00bb button_bg_color=\u00bb#e02b20&#8243; button_border_width=\u00bb0px\u00bb button_border_radius=\u00bb34px\u00bb button_letter_spacing=\u00bb0px\u00bb button_use_icon=\u00bboff\u00bb][\/et_pb_button][\/et_pb_column][\/et_pb_row][\/et_pb_section]<\/p>\n","protected":false},"excerpt":{"rendered":"<p>SERVICIOS INTEGRALES DE SALUD HERRAMIENTAS PARA LA MEDICINA PREVENTIVA CONSTRUCCI\u00d3N Y ACONDICIONAMIENTO DE UNIDADES M\u00c9DICAS<\/p>\n","protected":false},"author":1,"featured_media":0,"parent":0,"menu_order":0,"comment_status":"closed","ping_status":"closed","template":"","meta":{"_et_pb_use_builder":"on","_et_pb_old_content":"","_et_gb_content_width":""},"yoast_head":"<!-- This site is optimized with the Yoast SEO plugin v19.3 - https:\/\/yoast.com\/wordpress\/plugins\/seo\/ -->\n<title>SERVICIOS - FALC\u00d3N<\/title>\n<meta name=\"robots\" content=\"index, follow, max-snippet:-1, max-image-preview:large, max-video-preview:-1\" \/>\n<link rel=\"canonical\" href=\"https:\/\/www.falconmx.com\/sitioweb\/servicios\/\" \/>\n<meta property=\"og:locale\" content=\"es_ES\" \/>\n<meta property=\"og:type\" content=\"article\" \/>\n<meta property=\"og:title\" content=\"SERVICIOS - FALC\u00d3N\" \/>\n<meta property=\"og:description\" content=\"SERVICIOS INTEGRALES DE SALUD HERRAMIENTAS PARA LA MEDICINA PREVENTIVA CONSTRUCCI\u00d3N Y ACONDICIONAMIENTO DE UNIDADES M\u00c9DICAS\" \/>\n<meta property=\"og:url\" content=\"https:\/\/www.falconmx.com\/sitioweb\/servicios\/\" \/>\n<meta property=\"og:site_name\" content=\"FALC\u00d3N\" \/>\n<meta property=\"article:modified_time\" content=\"2019-10-31T22:40:46+00:00\" \/>\n<meta name=\"twitter:card\" content=\"summary_large_image\" \/>\n<meta name=\"twitter:label1\" content=\"Tiempo de lectura\" \/>\n\t<meta name=\"twitter:data1\" content=\"5 minutos\" \/>\n<script type=\"application\/ld+json\" class=\"yoast-schema-graph\">{\"@context\":\"https:\/\/schema.org\",\"@graph\":[{\"@type\":\"WebSite\",\"@id\":\"https:\/\/www.falconmx.com\/sitioweb\/#website\",\"url\":\"https:\/\/www.falconmx.com\/sitioweb\/\",\"name\":\"FALCON\",\"description\":\"Servircios Integrales\",\"potentialAction\":[{\"@type\":\"SearchAction\",\"target\":{\"@type\":\"EntryPoint\",\"urlTemplate\":\"https:\/\/www.falconmx.com\/sitioweb\/?s={search_term_string}\"},\"query-input\":\"required name=search_term_string\"}],\"inLanguage\":\"es\"},{\"@type\":\"WebPage\",\"@id\":\"https:\/\/www.falconmx.com\/sitioweb\/servicios\/\",\"url\":\"https:\/\/www.falconmx.com\/sitioweb\/servicios\/\",\"name\":\"SERVICIOS - FALC\u00d3N\",\"isPartOf\":{\"@id\":\"https:\/\/www.falconmx.com\/sitioweb\/#website\"},\"datePublished\":\"2019-10-22T22:25:39+00:00\",\"dateModified\":\"2019-10-31T22:40:46+00:00\",\"breadcrumb\":{\"@id\":\"https:\/\/www.falconmx.com\/sitioweb\/servicios\/#breadcrumb\"},\"inLanguage\":\"es\",\"potentialAction\":[{\"@type\":\"ReadAction\",\"target\":[\"https:\/\/www.falconmx.com\/sitioweb\/servicios\/\"]}]},{\"@type\":\"BreadcrumbList\",\"@id\":\"https:\/\/www.falconmx.com\/sitioweb\/servicios\/#breadcrumb\",\"itemListElement\":[{\"@type\":\"ListItem\",\"position\":1,\"name\":\"Portada\",\"item\":\"https:\/\/www.falconmx.com\/sitioweb\/\"},{\"@type\":\"ListItem\",\"position\":2,\"name\":\"SERVICIOS\"}]}]}<\/script>\n<!-- \/ Yoast SEO plugin. -->","yoast_head_json":{"title":"SERVICIOS - FALC\u00d3N","robots":{"index":"index","follow":"follow","max-snippet":"max-snippet:-1","max-image-preview":"max-image-preview:large","max-video-preview":"max-video-preview:-1"},"canonical":"https:\/\/www.falconmx.com\/sitioweb\/servicios\/","og_locale":"es_ES","og_type":"article","og_title":"SERVICIOS - FALC\u00d3N","og_description":"SERVICIOS INTEGRALES DE SALUD HERRAMIENTAS PARA LA MEDICINA PREVENTIVA CONSTRUCCI\u00d3N Y ACONDICIONAMIENTO DE UNIDADES M\u00c9DICAS","og_url":"https:\/\/www.falconmx.com\/sitioweb\/servicios\/","og_site_name":"FALC\u00d3N","article_modified_time":"2019-10-31T22:40:46+00:00","twitter_card":"summary_large_image","twitter_misc":{"Tiempo de lectura":"5 minutos"},"schema":{"@context":"https:\/\/schema.org","@graph":[{"@type":"WebSite","@id":"https:\/\/www.falconmx.com\/sitioweb\/#website","url":"https:\/\/www.falconmx.com\/sitioweb\/","name":"FALCON","description":"Servircios Integrales","potentialAction":[{"@type":"SearchAction","target":{"@type":"EntryPoint","urlTemplate":"https:\/\/www.falconmx.com\/sitioweb\/?s={search_term_string}"},"query-input":"required name=search_term_string"}],"inLanguage":"es"},{"@type":"WebPage","@id":"https:\/\/www.falconmx.com\/sitioweb\/servicios\/","url":"https:\/\/www.falconmx.com\/sitioweb\/servicios\/","name":"SERVICIOS - FALC\u00d3N","isPartOf":{"@id":"https:\/\/www.falconmx.com\/sitioweb\/#website"},"datePublished":"2019-10-22T22:25:39+00:00","dateModified":"2019-10-31T22:40:46+00:00","breadcrumb":{"@id":"https:\/\/www.falconmx.com\/sitioweb\/servicios\/#breadcrumb"},"inLanguage":"es","potentialAction":[{"@type":"ReadAction","target":["https:\/\/www.falconmx.com\/sitioweb\/servicios\/"]}]},{"@type":"BreadcrumbList","@id":"https:\/\/www.falconmx.com\/sitioweb\/servicios\/#breadcrumb","itemListElement":[{"@type":"ListItem","position":1,"name":"Portada","item":"https:\/\/www.falconmx.com\/sitioweb\/"},{"@type":"ListItem","position":2,"name":"SERVICIOS"}]}]}},"_links":{"self":[{"href":"https:\/\/www.falconmx.com\/sitioweb\/wp-json\/wp\/v2\/pages\/377"}],"collection":[{"href":"https:\/\/www.falconmx.com\/sitioweb\/wp-json\/wp\/v2\/pages"}],"about":[{"href":"https:\/\/www.falconmx.com\/sitioweb\/wp-json\/wp\/v2\/types\/page"}],"author":[{"embeddable":true,"href":"https:\/\/www.falconmx.com\/sitioweb\/wp-json\/wp\/v2\/users\/1"}],"replies":[{"embeddable":true,"href":"https:\/\/www.falconmx.com\/sitioweb\/wp-json\/wp\/v2\/comments?post=377"}],"version-history":[{"count":23,"href":"https:\/\/www.falconmx.com\/sitioweb\/wp-json\/wp\/v2\/pages\/377\/revisions"}],"predecessor-version":[{"id":866,"href":"https:\/\/www.falconmx.com\/sitioweb\/wp-json\/wp\/v2\/pages\/377\/revisions\/866"}],"wp:attachment":[{"href":"https:\/\/www.falconmx.com\/sitioweb\/wp-json\/wp\/v2\/media?parent=377"}],"curies":[{"name":"wp","href":"https:\/\/api.w.org\/{rel}","templated":true}]}}