{"id":484,"date":"2019-10-23T12:28:03","date_gmt":"2019-10-23T17:28:03","guid":{"rendered":"http:\/\/www.falconmx.com\/sitioweb\/?page_id=484"},"modified":"2022-06-06T16:10:35","modified_gmt":"2022-06-06T21:10:35","slug":"adecuaciones-ambientales-a-unidades-medicas","status":"publish","type":"page","link":"https:\/\/www.falconmx.com\/sitioweb\/adecuaciones-ambientales-a-unidades-medicas\/","title":{"rendered":"ADECUACIONES AMBIENTALES A UNIDADES M\u00c9DICAS"},"content":{"rendered":"<p>[et_pb_section fb_built=\u00bb1&#8243; admin_label=\u00bbsection\u00bb _builder_version=\u00bb3.22&#8243; locked=\u00bboff\u00bb global_colors_info=\u00bb{}\u00bb][et_pb_row admin_label=\u00bbrow\u00bb _builder_version=\u00bb3.25&#8243; background_size=\u00bbinitial\u00bb background_position=\u00bbtop_left\u00bb background_repeat=\u00bbrepeat\u00bb global_colors_info=\u00bb{}\u00bb][et_pb_column type=\u00bb4_4&#8243; _builder_version=\u00bb3.25&#8243; custom_padding=\u00bb|||\u00bb global_colors_info=\u00bb{}\u00bb custom_padding__hover=\u00bb|||\u00bb][et_pb_button button_url=\u00bbhttps:\/\/www.falconmx.com\/sitioweb\/\u00bb button_text=\u00bbINICIO\u00bb button_alignment=\u00bbcenter\u00bb _builder_version=\u00bb4.0.4&#8243; custom_button=\u00bbon\u00bb button_text_size=\u00bb12px\u00bb button_text_color=\u00bb#000000&#8243; button_border_width=\u00bb0px\u00bb button_use_icon=\u00bboff\u00bb global_colors_info=\u00bb{}\u00bb][\/et_pb_button][et_pb_text _builder_version=\u00bb4.0.2&#8243; text_font=\u00bb|700|||||||\u00bb text_text_color=\u00bb#000000&#8243; text_font_size=\u00bb53px\u00bb text_letter_spacing=\u00bb5px\u00bb text_orientation=\u00bbcenter\u00bb global_colors_info=\u00bb{}\u00bb]<\/p>\n<p>ADECUACIONES AMBIENTALES A\u00a0<\/p>\n<p>UNIDADES M\u00c9DICAS<\/p>\n<p>[\/et_pb_text][\/et_pb_column][\/et_pb_row][\/et_pb_section][et_pb_section fb_built=\u00bb1&#8243; use_custom_gutter=\u00bbon\u00bb gutter_width=\u00bb1&#8243; specialty=\u00bbon\u00bb padding_top_1=\u00bb0px\u00bb padding_bottom_1=\u00bb0px\u00bb admin_label=\u00bbImage Gallery Section\u00bb module_class=\u00bb et_pb_specialty_fullwidth\u00bb _builder_version=\u00bb3.22&#8243; inner_width=\u00bb100%\u00bb inner_width_tablet=\u00bb100%\u00bb inner_width_phone=\u00bb\u00bb inner_width_last_edited=\u00bbon|desktop\u00bb inner_max_width=\u00bb100%\u00bb inner_max_width_tablet=\u00bb100%\u00bb inner_max_width_phone=\u00bb\u00bb inner_max_width_last_edited=\u00bbon|desktop\u00bb custom_padding=\u00bb0px|0px|0px|0px\u00bb make_fullwidth=\u00bbon\u00bb locked=\u00bboff\u00bb global_colors_info=\u00bb{}\u00bb][et_pb_column type=\u00bb1_2&#8243; _builder_version=\u00bb3.25&#8243; custom_padding=\u00bb|||\u00bb global_colors_info=\u00bb{}\u00bb custom_padding__hover=\u00bb|||\u00bb][et_pb_text _builder_version=\u00bb4.0.2&#8243; global_colors_info=\u00bb{}\u00bb]<\/p>\n<p style=\"text-align: justify; padding-left: 30px;\">Hemos realizado 150 adecuaciones ambientales en instalaciones de 50 unidades m\u00e9dicas hospitalarias, entre ellas la construcci\u00f3n remota de cl\u00ednicas y hospitales, tomando en cuenta las Normas del Sector Salud relativas a construcci\u00f3n, ampliaci\u00f3n y remodelaci\u00f3n, para garantizar la correcta prestaci\u00f3n del servicio.<\/p>\n<p style=\"text-align: justify; padding-left: 30px;\">\n<p>[\/et_pb_text][et_pb_image src=\u00bbhttps:\/\/www.falconmx.com\/sitioweb\/wp-content\/uploads\/2019\/10\/DSC_1649.jpg\u00bb _builder_version=\u00bb4.0.2&#8243; global_colors_info=\u00bb{}\u00bb][\/et_pb_image][\/et_pb_column][et_pb_column type=\u00bb1_2&#8243; specialty_columns=\u00bb2&#8243; _builder_version=\u00bb3.25&#8243; custom_padding=\u00bb|||\u00bb global_colors_info=\u00bb{}\u00bb custom_padding__hover=\u00bb|||\u00bb][et_pb_row_inner _builder_version=\u00bb3.25&#8243; custom_padding=\u00bb0px|0px|0px|0px\u00bb global_colors_info=\u00bb{}\u00bb][et_pb_column_inner saved_specialty_column_type=\u00bb1_2&#8243; _builder_version=\u00bb3.25&#8243; custom_padding=\u00bb|||\u00bb global_colors_info=\u00bb{}\u00bb custom_padding__hover=\u00bb|||\u00bb][et_pb_image src=\u00bbhttps:\/\/www.falconmx.com\/sitioweb\/wp-content\/uploads\/2019\/10\/DSC_1633.jpg\u00bb show_in_lightbox=\u00bbon\u00bb use_overlay=\u00bbon\u00bb overlay_icon_color=\u00bb#ffffff\u00bb hover_overlay_color=\u00bbrgba(0,0,0,0.3)\u00bb hover_icon=\u00bb%%15%%\u00bb force_fullwidth=\u00bbon\u00bb align_tablet=\u00bbcenter\u00bb align_phone=\u00bb\u00bb align_last_edited=\u00bbon|desktop\u00bb _builder_version=\u00bb4.0.2&#8243; custom_margin=\u00bb|||\u00bb box_shadow_style=\u00bbpreset7&#8243; box_shadow_horizontal=\u00bb0px\u00bb box_shadow_vertical=\u00bb0px\u00bb box_shadow_spread=\u00bb8px\u00bb box_shadow_color=\u00bb#ffffff\u00bb locked=\u00bboff\u00bb global_colors_info=\u00bb{}\u00bb][\/et_pb_image][\/et_pb_column_inner][\/et_pb_row_inner][et_pb_row_inner column_structure=\u00bb1_2,1_2&#8243; use_custom_gutter=\u00bbon\u00bb gutter_width=\u00bb1&#8243; _builder_version=\u00bb4.0.2&#8243; custom_padding=\u00bb0px|0px|0px|0px\u00bb global_colors_info=\u00bb{}\u00bb][et_pb_column_inner type=\u00bb1_2&#8243; saved_specialty_column_type=\u00bb1_2&#8243; _builder_version=\u00bb3.25&#8243; custom_padding=\u00bb|||\u00bb global_colors_info=\u00bb{}\u00bb custom_padding__hover=\u00bb|||\u00bb][et_pb_image src=\u00bbhttps:\/\/www.falconmx.com\/sitioweb\/wp-content\/uploads\/2019\/10\/DSC_1617.jpg\u00bb show_in_lightbox=\u00bbon\u00bb use_overlay=\u00bbon\u00bb overlay_icon_color=\u00bb#ffffff\u00bb hover_overlay_color=\u00bbrgba(0,0,0,0.3)\u00bb hover_icon=\u00bb%%15%%\u00bb force_fullwidth=\u00bbon\u00bb align_tablet=\u00bbcenter\u00bb align_phone=\u00bb\u00bb align_last_edited=\u00bbon|desktop\u00bb _builder_version=\u00bb4.0.2&#8243; custom_margin=\u00bb|||\u00bb box_shadow_style=\u00bbpreset7&#8243; box_shadow_horizontal=\u00bb0px\u00bb box_shadow_vertical=\u00bb0px\u00bb box_shadow_spread=\u00bb8px\u00bb box_shadow_color=\u00bb#ffffff\u00bb locked=\u00bboff\u00bb global_colors_info=\u00bb{}\u00bb][\/et_pb_image][\/et_pb_column_inner][et_pb_column_inner type=\u00bb1_2&#8243; saved_specialty_column_type=\u00bb1_2&#8243; _builder_version=\u00bb3.25&#8243; custom_padding=\u00bb|||\u00bb global_colors_info=\u00bb{}\u00bb custom_padding__hover=\u00bb|||\u00bb][et_pb_image src=\u00bbhttps:\/\/www.falconmx.com\/sitioweb\/wp-content\/uploads\/2019\/10\/shutterstock_539844133.jpg\u00bb show_in_lightbox=\u00bbon\u00bb use_overlay=\u00bbon\u00bb overlay_icon_color=\u00bb#ffffff\u00bb hover_overlay_color=\u00bbrgba(0,0,0,0.3)\u00bb hover_icon=\u00bb%%15%%\u00bb force_fullwidth=\u00bbon\u00bb align_tablet=\u00bbcenter\u00bb align_phone=\u00bb\u00bb align_last_edited=\u00bbon|desktop\u00bb _builder_version=\u00bb4.0.2&#8243; custom_margin=\u00bb|||\u00bb box_shadow_style=\u00bbpreset7&#8243; box_shadow_horizontal=\u00bb0px\u00bb box_shadow_vertical=\u00bb0px\u00bb box_shadow_spread=\u00bb8px\u00bb box_shadow_color=\u00bb#ffffff\u00bb locked=\u00bboff\u00bb global_colors_info=\u00bb{}\u00bb][\/et_pb_image][\/et_pb_column_inner][\/et_pb_row_inner][\/et_pb_column][\/et_pb_section]<\/p>\n","protected":false},"excerpt":{"rendered":"<p>ADECUACIONES AMBIENTALES A\u00a0 UNIDADES M\u00c9DICASHemos realizado 150 adecuaciones ambientales en instalaciones de 50 unidades m\u00e9dicas hospitalarias, entre ellas la construcci\u00f3n remota de cl\u00ednicas y hospitales, tomando en cuenta las Normas del Sector Salud relativas a construcci\u00f3n, ampliaci\u00f3n y remodelaci\u00f3n, para garantizar la correcta prestaci\u00f3n del servicio.<\/p>\n","protected":false},"author":1,"featured_media":0,"parent":0,"menu_order":0,"comment_status":"closed","ping_status":"closed","template":"","meta":{"_et_pb_use_builder":"on","_et_pb_old_content":"","_et_gb_content_width":""},"yoast_head":"<!-- This site is optimized with the Yoast SEO plugin v19.3 - https:\/\/yoast.com\/wordpress\/plugins\/seo\/ -->\n<title>ADECUACIONES AMBIENTALES A UNIDADES M\u00c9DICAS - FALC\u00d3N<\/title>\n<meta name=\"robots\" content=\"index, follow, max-snippet:-1, max-image-preview:large, max-video-preview:-1\" \/>\n<link rel=\"canonical\" href=\"https:\/\/www.falconmx.com\/sitioweb\/adecuaciones-ambientales-a-unidades-medicas\/\" \/>\n<meta property=\"og:locale\" content=\"es_ES\" \/>\n<meta property=\"og:type\" content=\"article\" \/>\n<meta property=\"og:title\" content=\"ADECUACIONES AMBIENTALES A UNIDADES M\u00c9DICAS - FALC\u00d3N\" \/>\n<meta property=\"og:description\" content=\"ADECUACIONES AMBIENTALES A\u00a0 UNIDADES M\u00c9DICASHemos realizado 150 adecuaciones ambientales en instalaciones de 50 unidades m\u00e9dicas hospitalarias, entre ellas la construcci\u00f3n remota de cl\u00ednicas y hospitales, tomando en cuenta las Normas del Sector Salud relativas a construcci\u00f3n, ampliaci\u00f3n y remodelaci\u00f3n, para garantizar la correcta prestaci\u00f3n del servicio.\" \/>\n<meta property=\"og:url\" content=\"https:\/\/www.falconmx.com\/sitioweb\/adecuaciones-ambientales-a-unidades-medicas\/\" \/>\n<meta property=\"og:site_name\" content=\"FALC\u00d3N\" \/>\n<meta property=\"article:modified_time\" content=\"2022-06-06T21:10:35+00:00\" \/>\n<meta name=\"twitter:card\" content=\"summary_large_image\" \/>\n<meta name=\"twitter:label1\" content=\"Tiempo de lectura\" \/>\n\t<meta name=\"twitter:data1\" content=\"3 minutos\" \/>\n<script type=\"application\/ld+json\" class=\"yoast-schema-graph\">{\"@context\":\"https:\/\/schema.org\",\"@graph\":[{\"@type\":\"WebSite\",\"@id\":\"https:\/\/www.falconmx.com\/sitioweb\/#website\",\"url\":\"https:\/\/www.falconmx.com\/sitioweb\/\",\"name\":\"FALCON\",\"description\":\"Servircios Integrales\",\"potentialAction\":[{\"@type\":\"SearchAction\",\"target\":{\"@type\":\"EntryPoint\",\"urlTemplate\":\"https:\/\/www.falconmx.com\/sitioweb\/?s={search_term_string}\"},\"query-input\":\"required name=search_term_string\"}],\"inLanguage\":\"es\"},{\"@type\":\"WebPage\",\"@id\":\"https:\/\/www.falconmx.com\/sitioweb\/adecuaciones-ambientales-a-unidades-medicas\/\",\"url\":\"https:\/\/www.falconmx.com\/sitioweb\/adecuaciones-ambientales-a-unidades-medicas\/\",\"name\":\"ADECUACIONES AMBIENTALES A UNIDADES M\u00c9DICAS - FALC\u00d3N\",\"isPartOf\":{\"@id\":\"https:\/\/www.falconmx.com\/sitioweb\/#website\"},\"datePublished\":\"2019-10-23T17:28:03+00:00\",\"dateModified\":\"2022-06-06T21:10:35+00:00\",\"breadcrumb\":{\"@id\":\"https:\/\/www.falconmx.com\/sitioweb\/adecuaciones-ambientales-a-unidades-medicas\/#breadcrumb\"},\"inLanguage\":\"es\",\"potentialAction\":[{\"@type\":\"ReadAction\",\"target\":[\"https:\/\/www.falconmx.com\/sitioweb\/adecuaciones-ambientales-a-unidades-medicas\/\"]}]},{\"@type\":\"BreadcrumbList\",\"@id\":\"https:\/\/www.falconmx.com\/sitioweb\/adecuaciones-ambientales-a-unidades-medicas\/#breadcrumb\",\"itemListElement\":[{\"@type\":\"ListItem\",\"position\":1,\"name\":\"Portada\",\"item\":\"https:\/\/www.falconmx.com\/sitioweb\/\"},{\"@type\":\"ListItem\",\"position\":2,\"name\":\"ADECUACIONES AMBIENTALES A UNIDADES M\u00c9DICAS\"}]}]}<\/script>\n<!-- \/ Yoast SEO plugin. -->","yoast_head_json":{"title":"ADECUACIONES AMBIENTALES A UNIDADES M\u00c9DICAS - FALC\u00d3N","robots":{"index":"index","follow":"follow","max-snippet":"max-snippet:-1","max-image-preview":"max-image-preview:large","max-video-preview":"max-video-preview:-1"},"canonical":"https:\/\/www.falconmx.com\/sitioweb\/adecuaciones-ambientales-a-unidades-medicas\/","og_locale":"es_ES","og_type":"article","og_title":"ADECUACIONES AMBIENTALES A UNIDADES M\u00c9DICAS - FALC\u00d3N","og_description":"ADECUACIONES AMBIENTALES A\u00a0 UNIDADES M\u00c9DICASHemos realizado 150 adecuaciones ambientales en instalaciones de 50 unidades m\u00e9dicas hospitalarias, entre ellas la construcci\u00f3n remota de cl\u00ednicas y hospitales, tomando en cuenta las Normas del Sector Salud relativas a construcci\u00f3n, ampliaci\u00f3n y remodelaci\u00f3n, para garantizar la correcta prestaci\u00f3n del servicio.","og_url":"https:\/\/www.falconmx.com\/sitioweb\/adecuaciones-ambientales-a-unidades-medicas\/","og_site_name":"FALC\u00d3N","article_modified_time":"2022-06-06T21:10:35+00:00","twitter_card":"summary_large_image","twitter_misc":{"Tiempo de lectura":"3 minutos"},"schema":{"@context":"https:\/\/schema.org","@graph":[{"@type":"WebSite","@id":"https:\/\/www.falconmx.com\/sitioweb\/#website","url":"https:\/\/www.falconmx.com\/sitioweb\/","name":"FALCON","description":"Servircios Integrales","potentialAction":[{"@type":"SearchAction","target":{"@type":"EntryPoint","urlTemplate":"https:\/\/www.falconmx.com\/sitioweb\/?s={search_term_string}"},"query-input":"required name=search_term_string"}],"inLanguage":"es"},{"@type":"WebPage","@id":"https:\/\/www.falconmx.com\/sitioweb\/adecuaciones-ambientales-a-unidades-medicas\/","url":"https:\/\/www.falconmx.com\/sitioweb\/adecuaciones-ambientales-a-unidades-medicas\/","name":"ADECUACIONES AMBIENTALES A UNIDADES M\u00c9DICAS - FALC\u00d3N","isPartOf":{"@id":"https:\/\/www.falconmx.com\/sitioweb\/#website"},"datePublished":"2019-10-23T17:28:03+00:00","dateModified":"2022-06-06T21:10:35+00:00","breadcrumb":{"@id":"https:\/\/www.falconmx.com\/sitioweb\/adecuaciones-ambientales-a-unidades-medicas\/#breadcrumb"},"inLanguage":"es","potentialAction":[{"@type":"ReadAction","target":["https:\/\/www.falconmx.com\/sitioweb\/adecuaciones-ambientales-a-unidades-medicas\/"]}]},{"@type":"BreadcrumbList","@id":"https:\/\/www.falconmx.com\/sitioweb\/adecuaciones-ambientales-a-unidades-medicas\/#breadcrumb","itemListElement":[{"@type":"ListItem","position":1,"name":"Portada","item":"https:\/\/www.falconmx.com\/sitioweb\/"},{"@type":"ListItem","position":2,"name":"ADECUACIONES AMBIENTALES A UNIDADES M\u00c9DICAS"}]}]}},"_links":{"self":[{"href":"https:\/\/www.falconmx.com\/sitioweb\/wp-json\/wp\/v2\/pages\/484"}],"collection":[{"href":"https:\/\/www.falconmx.com\/sitioweb\/wp-json\/wp\/v2\/pages"}],"about":[{"href":"https:\/\/www.falconmx.com\/sitioweb\/wp-json\/wp\/v2\/types\/page"}],"author":[{"embeddable":true,"href":"https:\/\/www.falconmx.com\/sitioweb\/wp-json\/wp\/v2\/users\/1"}],"replies":[{"embeddable":true,"href":"https:\/\/www.falconmx.com\/sitioweb\/wp-json\/wp\/v2\/comments?post=484"}],"version-history":[{"count":12,"href":"https:\/\/www.falconmx.com\/sitioweb\/wp-json\/wp\/v2\/pages\/484\/revisions"}],"predecessor-version":[{"id":1167,"href":"https:\/\/www.falconmx.com\/sitioweb\/wp-json\/wp\/v2\/pages\/484\/revisions\/1167"}],"wp:attachment":[{"href":"https:\/\/www.falconmx.com\/sitioweb\/wp-json\/wp\/v2\/media?parent=484"}],"curies":[{"name":"wp","href":"https:\/\/api.w.org\/{rel}","templated":true}]}}